{"id":28683,"date":"2023-10-03T16:55:30","date_gmt":"2023-10-03T14:55:30","guid":{"rendered":"https:\/\/platform-c.nu\/?page_id=28683"},"modified":"2025-10-27T16:19:43","modified_gmt":"2025-10-27T15:19:43","slug":"docenten","status":"publish","type":"page","link":"https:\/\/platform-c.nu\/en\/docenten\/","title":{"rendered":"Teachers"},"content":{"rendered":"<figure class=\"acfslider-item grid-item acfslider-bg-image\">\n<h2><\/h2>\n<h2><img fetchpriority=\"high\" decoding=\"async\" class=\"alignnone wp-image-21904 size-large\" src=\"https:\/\/platform-c.nu\/wp-content\/uploads\/M2A0403-1200x800.jpg\" alt=\"\" width=\"800\" height=\"533\" srcset=\"https:\/\/platform-c.nu\/wp-content\/uploads\/M2A0403-1200x800.jpg 1200w, https:\/\/platform-c.nu\/wp-content\/uploads\/M2A0403-300x200.jpg 300w, https:\/\/platform-c.nu\/wp-content\/uploads\/M2A0403-768x512.jpg 768w, https:\/\/platform-c.nu\/wp-content\/uploads\/M2A0403-1536x1024.jpg 1536w, https:\/\/platform-c.nu\/wp-content\/uploads\/M2A0403-18x12.jpg 18w, https:\/\/platform-c.nu\/wp-content\/uploads\/M2A0403.jpg 2048w\" sizes=\"(max-width: 800px) 100vw, 800px\" \/><\/h2>\n<h2 class=\"wrap-item-acfslider\">Below is an overview of Platform C's lecturers<\/h2>\n<p>&nbsp;<\/figure>\n<h2><strong>Music<\/strong><\/h2>\n<p><a href=\"https:\/\/platform-c.nu\/en\/course-teacher\/robert-baas\/\"><strong>Robert Boss<\/strong><\/a>, teacher of accordion and ensembles<br \/>\n<a href=\"https:\/\/platform-c.nu\/en\/course-teacher\/jeanny-beerkens\/\"><strong>Jeanny Beerkens<\/strong><\/a>, cello and ensemble teacher<br \/>\n<a href=\"https:\/\/platform-c.nu\/en\/course-teacher\/mariette-landheer\/\"><strong>Mariette Landheer<\/strong><\/a>, cello and ensemble teacher<br \/>\n<a href=\"https:\/\/platform-c.nu\/en\/course-teacher\/leonie-stevens\/\"><strong>Leonie Stevens<\/strong><\/a>, cello and ensemble teacher<br \/>\n<strong><a href=\"https:\/\/platform-c.nu\/en\/course-teacher\/peter-bergman\/\">Peter Bergma<\/a><a href=\"https:\/\/platform-c.nu\/en\/course-teacher\/peter-bergman\/\">n<\/a>,<\/strong> teacher of music production and bass guitar<br \/>\n<a href=\"https:\/\/platform-c.nu\/en\/course-teacher\/lizette-bertelsmann-van-rooij\/\"><strong>Lizette Bertelsmann<\/strong><\/a>, violin &amp; ensemble teacher<br \/>\n<a href=\"https:\/\/platform-c.nu\/en\/course-teacher\/heleen-delis\/\"><strong>Heleen Delis<\/strong><\/a>, violin teacher<br \/>\n<a href=\"https:\/\/platform-c.nu\/en\/course-teacher\/dirk-feller\/\"><strong>Dirk Feller<\/strong><\/a>, teacher of viola and violin<br \/>\n<a href=\"https:\/\/platform-c.nu\/en\/course-teacher\/ryuko-reid\/\"><strong>Ryuko Reid<\/strong><\/a>, violin &amp; ensemble teacher<br \/>\n<a href=\"https:\/\/platform-c.nu\/en\/course-teacher\/hans-scheepers\/\"><strong>Hans Scheepers<\/strong><\/a>, violin &amp; ensemble teacher<br \/>\n<a href=\"https:\/\/platform-c.nu\/en\/course-teacher\/hannelore-de-vuyst\/\"><strong>Hannelore de Vuyst<\/strong><\/a>, violin teacher<br \/>\n<a href=\"https:\/\/platform-c.nu\/en\/course-teacher\/marcel-blom\/\"><strong>Marcel Blom<\/strong><\/a>, clarinet teacher<br \/>\n<a href=\"https:\/\/platform-c.nu\/en\/course-teacher\/irma-bouwmeester\/\"><strong>Irma Bouwmeester<\/strong><\/a>, clarinet teacher, keyboard with disabilities, project orchestra &amp; ensembles<br \/>\n<a href=\"https:\/\/platform-c.nu\/en\/course-teacher\/theo-boddeke\/\"><strong>Theo Boddeke<\/strong><\/a>, keyboard and piano teacher pop\/jazz &amp; ensembles<br \/>\n<a href=\"https:\/\/platform-c.nu\/en\/course-teacher\/rjan-graafmans\/\"><strong>\u00d6rjan Graafmans<\/strong><\/a>, keyboard and piano teacher pop\/jazz &amp; ensembles<br \/>\n<a href=\"https:\/\/platform-c.nu\/en\/course-teacher\/ella-botter\/\"><strong>Ella Botter<\/strong><\/a>, oboe teacher<br \/>\n<a href=\"https:\/\/platform-c.nu\/en\/course-teacher\/jean-paul-branderhorst\/\"><strong>Jean-Paul Branderhorst<\/strong><\/a>, trumpet and trombone teacher<br \/>\n<a href=\"https:\/\/platform-c.nu\/en\/course-teacher\/pim-wittenberns\/\"><strong>Pim Wittenberns<\/strong><\/a>, teacher of trumpet and trombone &amp; ensembles<br \/>\n<a href=\"https:\/\/platform-c.nu\/en\/course-teacher\/tim-brink\/\"><strong>Tim Brink<\/strong><\/a>, teacher of percussion &amp; ensembles<br \/>\n<a href=\"https:\/\/platform-c.nu\/en\/course-teacher\/pieter-jan-nijessen\/\"><strong>Pieter-Jan Nijessen<\/strong><\/a>, percussion teacher<br \/>\n<a href=\"https:\/\/platform-c.nu\/en\/course-teacher\/marcus-de-jong\/\"><strong>Marcus de Jong<\/strong><\/a>, acoustic guitar &amp; ensembles teacher<br \/>\n<a href=\"https:\/\/platform-c.nu\/en\/course-teacher\/martin-lichters\/\"><strong>Martin Lichters<\/strong><\/a>, acoustic guitar &amp; ensembles teacher<br \/>\n<a href=\"https:\/\/platform-c.nu\/en\/course-teacher\/jun-bai-de-j-b-jong\/\"><strong>Jun Bai de Jong<\/strong><\/a>, acoustic guitar &amp; ensembles teacher<br \/>\n<a href=\"https:\/\/platform-c.nu\/en\/course-teacher\/michiel-stekelenburg\/\"><strong>Michiel Stekelenburg<\/strong><\/a>, electric guitar &amp; ensembles teacher<br \/>\n<a href=\"https:\/\/platform-c.nu\/en\/course-teacher\/violaine-delplanque\/\"><strong>Violaine Deplanque<\/strong><\/a>, teacher of classical piano and ensembles<br \/>\n<a href=\"https:\/\/platform-c.nu\/en\/course-teacher\/stephanus-harsono\/\"><strong>Stephanus Harsono<\/strong><\/a>, teacher of classical piano and ensembles<br \/>\n<a href=\"https:\/\/platform-c.nu\/en\/course-teacher\/nicholas-papadimitriou\/\"><strong>Nicholas Papadimitriou<\/strong><\/a>, teacher of classical piano, music theory and ensembles<br \/>\n<a href=\"https:\/\/platform-c.nu\/en\/course-teacher\/simina-ruppert\/\"><strong>Simina Ruppert<\/strong><\/a>, classical piano teacher<br \/>\n<a href=\"https:\/\/platform-c.nu\/en\/course-teacher\/ren-lantinga\/\"><strong>Ren\u00e9 Lantinga<\/strong><\/a>, classical piano teacher<br \/>\n<a href=\"https:\/\/platform-c.nu\/en\/course-teacher\/shermaine-velasco\/\"><strong>Shermaine Velasco<\/strong><\/a>, classical piano teacher<br \/>\n<a href=\"https:\/\/platform-c.nu\/en\/course-teacher\/joao-driessen\/\"><strong>Joao Driessen<\/strong><\/a>, teacher of saxophone and ensembles<br \/>\n<a href=\"https:\/\/platform-c.nu\/en\/course-teacher\/pieter-slijkoord\/\"><strong>Pieter Slijkoord<\/strong><\/a>, teacher of saxophone and ensembles<br \/>\n<a href=\"https:\/\/platform-c.nu\/en\/course-teacher\/suzanne-havenga\/\"><strong>Suzanne Havenga<\/strong><\/a>, teacher of vocal coaching and zonnestein choir<br \/>\n<a href=\"https:\/\/platform-c.nu\/en\/course-teacher\/dodo-kis\/\"><strong>Dod\u00f3 Kis<\/strong><\/a>, recorder teacher, basic music course and ensembles<br \/>\n<a href=\"https:\/\/platform-c.nu\/en\/course-teacher\/anna-sollewijn-gelpke\/\"><strong>Anna Sollewijn-Gelpke<\/strong><\/a>, <span data-olk-copy-source=\"MessageBody\">vocal coaching teacher<\/span><br \/>\n<a href=\"https:\/\/platform-c.nu\/en\/course-teacher\/laetitia-leemans\/\"><strong>Laetitia Leemans<\/strong><\/a>, flute teacher, basic music course, children's choir and general music theory<br \/>\n<span style=\"color: #000000;\"><strong><a style=\"color: #000000;\" href=\"https:\/\/platform-c.nu\/en\/course-teacher\/eliska-vondracek-horehledova\/\">Eli\u0161ka Vondr\u00e1\u010dek Horehle\u010fov\u00e1<\/a><\/strong>,<\/span> flute and music &amp; movement teacher<br \/>\n<a href=\"https:\/\/platform-c.nu\/en\/course-teacher\/lotje-meijer\/\"><strong>Lotje Meijer<\/strong><\/a>, docents harp, project orchestra harp and ensembles<br \/>\n<a href=\"https:\/\/platform-c.nu\/en\/course-teacher\/tanaquil-schuttel\/\"><strong>Tanaquil Schuttel<\/strong><\/a>, teacher of music with babies and toddlers<br \/>\n<a href=\"https:\/\/platform-c.nu\/en\/course-teacher\/shivan-yasin\/\"><strong>Shivan Yasin<\/strong><\/a>, DJ teacher<\/p>\n<h2><strong>Languages<\/strong><\/h2>\n<p><a href=\"https:\/\/platform-c.nu\/en\/course-teacher\/danny-agsteribbe\/\"><strong>Danny Agsteribbe<\/strong><\/a>, teacher of Dutch<br \/>\n<a href=\"https:\/\/platform-c.nu\/en\/course-teacher\/anne-carine-barends\/\"><strong>Anne Carine Barends<\/strong><\/a>, teacher of Dutch<br \/>\n<a href=\"https:\/\/platform-c.nu\/en\/course-teacher\/cokky-klein-hofmeijer\/\"><strong>Cokky Klein Hofmeijer<\/strong><\/a>, teacher of Dutch<br \/>\n<a href=\"https:\/\/platform-c.nu\/en\/course-teacher\/jannette-witvliet\/\"><strong>Jannette Witvliet<\/strong><\/a>, teacher of Dutch<br \/>\n<a href=\"https:\/\/platform-c.nu\/en\/course-teacher\/sanne-van-der-woude-doets\/\"><strong><span class=\"NormalTextRun SCXW84236061 BCX8\">Sanne van der Woude- <\/span><\/strong><\/a><span class=\"NormalTextRun SpellingErrorV2Themed SCXW84236061 BCX8\"><strong>Doets<\/strong>, Dutch teacher<br \/>\n<strong><span class=\"NormalTextRun SCXW38363053 BCX8\">Monique<\/span><span class=\"NormalTextRun SCXW38363053 BCX8\"> from <\/span><\/strong><span class=\"NormalTextRun SpellingErrorV2Themed SCXW38363053 BCX8\"><strong>Eerdenburg<\/strong>, Dutch teacher<br \/>\n<\/span><span class=\"TextRun SCXW142848638 BCX8\" lang=\"NL-NL\" xml:lang=\"NL-NL\" data-contrast=\"none\"><strong><span class=\"NormalTextRun SCXW142848638 BCX8\">Katinka <\/span><\/strong><span class=\"NormalTextRun SpellingErrorV2Themed SCXW142848638 BCX8\"><strong>Horvath<\/strong>, Dutch teacher<\/span><\/span><br \/>\n<\/span><\/p>\n<h2><strong>Dance<\/strong><\/h2>\n<p><a href=\"https:\/\/platform-c.nu\/en\/course-teacher\/mieke-roetman\/\"><strong>Mieke Roetman<\/strong><\/a>, teacher of ballet and jazz\/street dance<br \/>\n<a href=\"https:\/\/platform-c.nu\/en\/course-teacher\/bella-bouman\/\"><strong>Bella Bouman<\/strong><\/a>, teacher of kidsdance and kindergarten dance<\/p>\n<h2><strong>Visual arts<\/strong><\/h2>\n<p><a href=\"https:\/\/platform-c.nu\/en\/course-teacher\/miriam-hommes\/\"><strong>Miriam Hommes<\/strong><\/a>, teacher of model, portrait and still life and drawing and painting<br \/>\n<a href=\"https:\/\/platform-c.nu\/en\/course-teacher\/annefie-van-itterzon\/\"><strong>Annefie van Itterzon<\/strong><\/a>, teacher of talent class<br \/>\n<strong><a href=\"https:\/\/platform-c.nu\/en\/course-teacher\/sara-elzinga\/\">Sara Elzinga<\/a><\/strong>, teacher of talent class<br \/>\n<a href=\"https:\/\/platform-c.nu\/en\/course-teacher\/iza-tromp\/\"><strong>Iza Tromp<\/strong><\/a>, teacher of talent class<br \/>\n<a href=\"https:\/\/platform-c.nu\/en\/course-teacher\/robert-van-keppel\/\"><strong>Robert van Keppel<\/strong><\/a>, teacher of watercolor painting, drawing and open studio<br \/>\n<a href=\"https:\/\/platform-c.nu\/en\/course-teacher\/kelly-jang\/\"><strong>Kelly Jang<\/strong><\/a>, teacher of korean painting<\/p>\n<h2><strong>Theater<\/strong><\/h2>\n<p><a href=\"https:\/\/platform-c.nu\/en\/course-teacher\/els-willems\/\"><strong>Els Willems<\/strong><\/a>, Theatre children<br \/>\n<a href=\"https:\/\/platform-c.nu\/en\/course-teacher\/sharon-varekamp\/\"><strong><span class=\"NormalTextRun SCXW264446822 BCX8\">Sharon <\/span><\/strong><\/a><span class=\"NormalTextRun SpellingErrorV2Themed SCXW264446822 BCX8\"><a href=\"https:\/\/platform-c.nu\/en\/course-teacher\/sharon-varekamp\/\"><strong>Varekamp<\/strong><\/a>, Theatre Youth<\/span><\/p>","protected":false},"excerpt":{"rendered":"<p>Hieronder vind je een overzicht van de docenten van Platform C &nbsp; Muziek Robert Baas, docent accordeon en ensembles Jeanny Beerkens, docent cello en ensembles Mariette Landheer, docent cello en ensembles Leonie Stevens, docent cello en ensembles Peter Bergman, docent muziekproductie en basgitaar Lizette Bertelsmann, docent viool &amp; ensembles Heleen Delis, docent viool Dirk Feller, [&hellip;]<\/p>\n","protected":false},"author":7,"featured_media":0,"parent":0,"menu_order":52,"comment_status":"closed","ping_status":"closed","template":"","meta":{"_acf_changed":false,"footnotes":""},"add_to_frontpage":[],"acf":[],"yoast_head":"<!-- This site is optimized with the Yoast SEO plugin v23.9 - https:\/\/yoast.com\/wordpress\/plugins\/seo\/ -->\n<title>Docenten - Platform C Amstelveen<\/title>\n<meta name=\"robots\" content=\"index, follow, max-snippet:-1, max-image-preview:large, max-video-preview:-1\" \/>\n<link rel=\"canonical\" href=\"https:\/\/platform-c.nu\/en\/docenten\/\" \/>\n<meta property=\"og:locale\" content=\"en_US\" \/>\n<meta property=\"og:type\" content=\"article\" \/>\n<meta property=\"og:title\" content=\"Docenten - Platform C Amstelveen\" \/>\n<meta property=\"og:description\" content=\"Hieronder vind je een overzicht van de docenten van Platform C &nbsp; Muziek Robert Baas, docent accordeon en ensembles Jeanny Beerkens, docent cello en ensembles Mariette Landheer, docent cello en ensembles Leonie Stevens, docent cello en ensembles Peter Bergman, docent muziekproductie en basgitaar Lizette Bertelsmann, docent viool &amp; ensembles Heleen Delis, docent viool Dirk Feller, [&hellip;]\" \/>\n<meta property=\"og:url\" content=\"https:\/\/platform-c.nu\/en\/docenten\/\" \/>\n<meta property=\"og:site_name\" content=\"Platform C Amstelveen\" \/>\n<meta property=\"article:publisher\" content=\"https:\/\/www.facebook.com\/PlatformCAmstelveen\/\" \/>\n<meta property=\"article:modified_time\" content=\"2025-10-27T15:19:43+00:00\" \/>\n<meta property=\"og:image\" content=\"https:\/\/platform-c.nu\/wp-content\/uploads\/M2A0403.jpg\" \/>\n\t<meta property=\"og:image:width\" content=\"2048\" \/>\n\t<meta property=\"og:image:height\" content=\"1365\" \/>\n\t<meta property=\"og:image:type\" content=\"image\/jpeg\" \/>\n<meta name=\"twitter:card\" content=\"summary_large_image\" \/>\n<meta name=\"twitter:site\" content=\"@platformc_\" \/>\n<script type=\"application\/ld+json\" class=\"yoast-schema-graph\">{\"@context\":\"https:\/\/schema.org\",\"@graph\":[{\"@type\":\"WebPage\",\"@id\":\"https:\/\/platform-c.nu\/docenten\/\",\"url\":\"https:\/\/platform-c.nu\/docenten\/\",\"name\":\"Docenten - Platform C Amstelveen\",\"isPartOf\":{\"@id\":\"https:\/\/platform-c.nu\/en\/#website\"},\"primaryImageOfPage\":{\"@id\":\"https:\/\/platform-c.nu\/docenten\/#primaryimage\"},\"image\":{\"@id\":\"https:\/\/platform-c.nu\/docenten\/#primaryimage\"},\"thumbnailUrl\":\"https:\/\/platform-c.nu\/wp-content\/uploads\/M2A0403-1200x800.jpg\",\"datePublished\":\"2023-10-03T14:55:30+00:00\",\"dateModified\":\"2025-10-27T15:19:43+00:00\",\"breadcrumb\":{\"@id\":\"https:\/\/platform-c.nu\/docenten\/#breadcrumb\"},\"inLanguage\":\"en-US\",\"potentialAction\":[{\"@type\":\"ReadAction\",\"target\":[\"https:\/\/platform-c.nu\/docenten\/\"]}]},{\"@type\":\"ImageObject\",\"inLanguage\":\"en-US\",\"@id\":\"https:\/\/platform-c.nu\/docenten\/#primaryimage\",\"url\":\"https:\/\/platform-c.nu\/wp-content\/uploads\/M2A0403-1200x800.jpg\",\"contentUrl\":\"https:\/\/platform-c.nu\/wp-content\/uploads\/M2A0403-1200x800.jpg\"},{\"@type\":\"BreadcrumbList\",\"@id\":\"https:\/\/platform-c.nu\/docenten\/#breadcrumb\",\"itemListElement\":[{\"@type\":\"ListItem\",\"position\":1,\"name\":\"Home\",\"item\":\"https:\/\/platform-c.nu\/\"},{\"@type\":\"ListItem\",\"position\":2,\"name\":\"Docenten\"}]},{\"@type\":\"WebSite\",\"@id\":\"https:\/\/platform-c.nu\/en\/#website\",\"url\":\"https:\/\/platform-c.nu\/en\/\",\"name\":\"Platform C Amstelveen\",\"description\":\"Cultuur, creativiteit en communicatie\",\"publisher\":{\"@id\":\"https:\/\/platform-c.nu\/en\/#organization\"},\"potentialAction\":[{\"@type\":\"SearchAction\",\"target\":{\"@type\":\"EntryPoint\",\"urlTemplate\":\"https:\/\/platform-c.nu\/en\/?s={search_term_string}\"},\"query-input\":{\"@type\":\"PropertyValueSpecification\",\"valueRequired\":true,\"valueName\":\"search_term_string\"}}],\"inLanguage\":\"en-US\"},{\"@type\":\"Organization\",\"@id\":\"https:\/\/platform-c.nu\/en\/#organization\",\"name\":\"Platform C Amstelveen\",\"url\":\"https:\/\/platform-c.nu\/en\/\",\"logo\":{\"@type\":\"ImageObject\",\"inLanguage\":\"en-US\",\"@id\":\"https:\/\/platform-c.nu\/en\/#\/schema\/logo\/image\/\",\"url\":\"https:\/\/platform-c.nu\/wp-content\/uploads\/2022\/05\/Logo_platform_C.png\",\"contentUrl\":\"https:\/\/platform-c.nu\/wp-content\/uploads\/2022\/05\/Logo_platform_C.png\",\"width\":120,\"height\":175,\"caption\":\"Platform C Amstelveen\"},\"image\":{\"@id\":\"https:\/\/platform-c.nu\/en\/#\/schema\/logo\/image\/\"},\"sameAs\":[\"https:\/\/www.facebook.com\/PlatformCAmstelveen\/\",\"https:\/\/x.com\/platformc_\",\"https:\/\/www.instagram.com\/platform_c\/\"]}]}<\/script>\n<!-- \/ Yoast SEO plugin. -->","yoast_head_json":{"title":"Teachers - Platform C Amstelveen","robots":{"index":"index","follow":"follow","max-snippet":"max-snippet:-1","max-image-preview":"max-image-preview:large","max-video-preview":"max-video-preview:-1"},"canonical":"https:\/\/platform-c.nu\/en\/docenten\/","og_locale":"en_US","og_type":"article","og_title":"Docenten - Platform C Amstelveen","og_description":"Hieronder vind je een overzicht van de docenten van Platform C &nbsp; Muziek Robert Baas, docent accordeon en ensembles Jeanny Beerkens, docent cello en ensembles Mariette Landheer, docent cello en ensembles Leonie Stevens, docent cello en ensembles Peter Bergman, docent muziekproductie en basgitaar Lizette Bertelsmann, docent viool &amp; ensembles Heleen Delis, docent viool Dirk Feller, [&hellip;]","og_url":"https:\/\/platform-c.nu\/en\/docenten\/","og_site_name":"Platform C Amstelveen","article_publisher":"https:\/\/www.facebook.com\/PlatformCAmstelveen\/","article_modified_time":"2025-10-27T15:19:43+00:00","og_image":[{"width":2048,"height":1365,"url":"https:\/\/platform-c.nu\/wp-content\/uploads\/M2A0403.jpg","type":"image\/jpeg"}],"twitter_card":"summary_large_image","twitter_site":"@platformc_","schema":{"@context":"https:\/\/schema.org","@graph":[{"@type":"WebPage","@id":"https:\/\/platform-c.nu\/docenten\/","url":"https:\/\/platform-c.nu\/docenten\/","name":"Teachers - Platform C Amstelveen","isPartOf":{"@id":"https:\/\/platform-c.nu\/en\/#website"},"primaryImageOfPage":{"@id":"https:\/\/platform-c.nu\/docenten\/#primaryimage"},"image":{"@id":"https:\/\/platform-c.nu\/docenten\/#primaryimage"},"thumbnailUrl":"https:\/\/platform-c.nu\/wp-content\/uploads\/M2A0403-1200x800.jpg","datePublished":"2023-10-03T14:55:30+00:00","dateModified":"2025-10-27T15:19:43+00:00","breadcrumb":{"@id":"https:\/\/platform-c.nu\/docenten\/#breadcrumb"},"inLanguage":"en-US","potentialAction":[{"@type":"ReadAction","target":["https:\/\/platform-c.nu\/docenten\/"]}]},{"@type":"ImageObject","inLanguage":"en-US","@id":"https:\/\/platform-c.nu\/docenten\/#primaryimage","url":"https:\/\/platform-c.nu\/wp-content\/uploads\/M2A0403-1200x800.jpg","contentUrl":"https:\/\/platform-c.nu\/wp-content\/uploads\/M2A0403-1200x800.jpg"},{"@type":"BreadcrumbList","@id":"https:\/\/platform-c.nu\/docenten\/#breadcrumb","itemListElement":[{"@type":"ListItem","position":1,"name":"Home","item":"https:\/\/platform-c.nu\/"},{"@type":"ListItem","position":2,"name":"Docenten"}]},{"@type":"WebSite","@id":"https:\/\/platform-c.nu\/en\/#website","url":"https:\/\/platform-c.nu\/en\/","name":"Platform C Amstelveen","description":"Culture, creativity and communication","publisher":{"@id":"https:\/\/platform-c.nu\/en\/#organization"},"potentialAction":[{"@type":"SearchAction","target":{"@type":"EntryPoint","urlTemplate":"https:\/\/platform-c.nu\/en\/?s={search_term_string}"},"query-input":{"@type":"PropertyValueSpecification","valueRequired":true,"valueName":"search_term_string"}}],"inLanguage":"en-US"},{"@type":"Organization","@id":"https:\/\/platform-c.nu\/en\/#organization","name":"Platform C Amstelveen","url":"https:\/\/platform-c.nu\/en\/","logo":{"@type":"ImageObject","inLanguage":"en-US","@id":"https:\/\/platform-c.nu\/en\/#\/schema\/logo\/image\/","url":"https:\/\/platform-c.nu\/wp-content\/uploads\/2022\/05\/Logo_platform_C.png","contentUrl":"https:\/\/platform-c.nu\/wp-content\/uploads\/2022\/05\/Logo_platform_C.png","width":120,"height":175,"caption":"Platform C Amstelveen"},"image":{"@id":"https:\/\/platform-c.nu\/en\/#\/schema\/logo\/image\/"},"sameAs":["https:\/\/www.facebook.com\/PlatformCAmstelveen\/","https:\/\/x.com\/platformc_","https:\/\/www.instagram.com\/platform_c\/"]}]}},"_links":{"self":[{"href":"https:\/\/platform-c.nu\/en\/wp-json\/wp\/v2\/pages\/28683"}],"collection":[{"href":"https:\/\/platform-c.nu\/en\/wp-json\/wp\/v2\/pages"}],"about":[{"href":"https:\/\/platform-c.nu\/en\/wp-json\/wp\/v2\/types\/page"}],"author":[{"embeddable":true,"href":"https:\/\/platform-c.nu\/en\/wp-json\/wp\/v2\/users\/7"}],"replies":[{"embeddable":true,"href":"https:\/\/platform-c.nu\/en\/wp-json\/wp\/v2\/comments?post=28683"}],"version-history":[{"count":0,"href":"https:\/\/platform-c.nu\/en\/wp-json\/wp\/v2\/pages\/28683\/revisions"}],"wp:attachment":[{"href":"https:\/\/platform-c.nu\/en\/wp-json\/wp\/v2\/media?parent=28683"}],"wp:term":[{"taxonomy":"add_to_frontpage","embeddable":true,"href":"https:\/\/platform-c.nu\/en\/wp-json\/wp\/v2\/add_to_frontpage?post=28683"}],"curies":[{"name":"wp","href":"https:\/\/api.w.org\/{rel}","templated":true}]}}